{"id":2,"date":"2026-02-04T13:47:41","date_gmt":"2026-02-04T12:47:41","guid":{"rendered":"https:\/\/mieldesfees.fr\/?page_id=2"},"modified":"2026-02-26T14:40:56","modified_gmt":"2026-02-26T13:40:56","slug":"page-d-exemple","status":"publish","type":"page","link":"https:\/\/mieldesfees.fr\/?page_id=2","title":{"rendered":"Mentions l\u00e9gales"},"content":{"rendered":"\n<p>Rucher de l&rsquo;\u00e9tang aux f\u00e9es<br>24 rue de l&rsquo;otat<br>39150 La Chaux-du-Dombief<br><a href=\"mailto:contact@mieldesfees.fr\">contact@mieldesfees.fr<\/a><\/p>\n\n\n\n<p>H\u00e9berg\u00e9 par :<\/p>\n\n\n\n<p>SAS PulseHeberg<br>9, Boulevard de Strasbourg<br>83000 Toulon<br>Soci\u00e9t\u00e9 par Actions Simplifi\u00e9e<\/p>\n\n\n\n<p>RCS Toulon 824 070 619<br>Siret: 824 070 619 00039<br>NAF: 63.11Z<br>VAT: FR29824070619<\/p>\n\n\n\n<p><\/p>\n","protected":false},"excerpt":{"rendered":"<p>Rucher de l&rsquo;\u00e9tang aux f\u00e9es24 rue de l&rsquo;otat39150 La Chaux-du-Dombiefcontact@mieldesfees.fr H\u00e9berg\u00e9 par : SAS PulseHeberg9, Boulevard de Strasbourg83000 ToulonSoci\u00e9t\u00e9 par Actions Simplifi\u00e9e RCS Toulon 824 070 619Siret: 824 070 619 00039NAF: 63.11ZVAT: FR29824070619<\/p>\n","protected":false},"author":1,"featured_media":0,"parent":0,"menu_order":0,"comment_status":"closed","ping_status":"open","template":"","meta":{"footnotes":""},"class_list":["post-2","page","type-page","status-publish","hentry"],"_links":{"self":[{"href":"https:\/\/mieldesfees.fr\/index.php?rest_route=\/wp\/v2\/pages\/2","targetHints":{"allow":["GET"]}}],"collection":[{"href":"https:\/\/mieldesfees.fr\/index.php?rest_route=\/wp\/v2\/pages"}],"about":[{"href":"https:\/\/mieldesfees.fr\/index.php?rest_route=\/wp\/v2\/types\/page"}],"author":[{"embeddable":true,"href":"https:\/\/mieldesfees.fr\/index.php?rest_route=\/wp\/v2\/users\/1"}],"replies":[{"embeddable":true,"href":"https:\/\/mieldesfees.fr\/index.php?rest_route=%2Fwp%2Fv2%2Fcomments&post=2"}],"version-history":[{"count":3,"href":"https:\/\/mieldesfees.fr\/index.php?rest_route=\/wp\/v2\/pages\/2\/revisions"}],"predecessor-version":[{"id":53,"href":"https:\/\/mieldesfees.fr\/index.php?rest_route=\/wp\/v2\/pages\/2\/revisions\/53"}],"wp:attachment":[{"href":"https:\/\/mieldesfees.fr\/index.php?rest_route=%2Fwp%2Fv2%2Fmedia&parent=2"}],"curies":[{"name":"wp","href":"https:\/\/api.w.org\/{rel}","templated":true}]}}